{"id":1686,"date":"2023-06-18T07:35:27","date_gmt":"2023-06-18T07:35:27","guid":{"rendered":"https:\/\/unatecnologaencasa.com\/?page_id=1686"},"modified":"2024-01-22T16:04:13","modified_gmt":"2024-01-22T16:04:13","slug":"work-in-progress","status":"publish","type":"page","link":"https:\/\/unatecnologaencasa.com\/index.php\/work-in-progress\/","title":{"rendered":"WORK IN PROGRESS"},"content":{"rendered":"\n<p>Esta p\u00e1gina web todav\u00eda no est\u00e1 disponible.<\/p>\n\n\n\n<p>Si necesitas contactar conmigo escr\u00edbeme a <a href=\"mailto:hola@unatecnologaencasa.com\" target=\"_blank\" rel=\"noreferrer noopener\">hola@unatecnologaencasa.com<\/a><\/p>\n\n\n\n<h6 class=\"wp-block-heading\">Gracias por pasarte por aqu\u00ed. Pronto encontrar\u00e1s lo que necesitas para tu negocio.<\/h6>\n","protected":false},"excerpt":{"rendered":"<p>Esta p\u00e1gina web todav\u00eda no est\u00e1 disponible. Si necesitas contactar conmigo escr\u00edbeme a hola@unatecnologaencasa.com Gracias por pasarte por aqu\u00ed. Pronto encontrar\u00e1s lo que necesitas para tu negocio.<\/p>\n","protected":false},"author":1,"featured_media":0,"parent":0,"menu_order":0,"comment_status":"closed","ping_status":"closed","template":"","meta":{"_uag_custom_page_level_css":"","site-sidebar-layout":"default","site-content-layout":"","ast-site-content-layout":"default","site-content-style":"default","site-sidebar-style":"default","ast-global-header-display":"","ast-banner-title-visibility":"","ast-main-header-display":"","ast-hfb-above-header-display":"","ast-hfb-below-header-display":"","ast-hfb-mobile-header-display":"","site-post-title":"","ast-breadcrumbs-content":"","ast-featured-img":"","footer-sml-layout":"","ast-disable-related-posts":"","theme-transparent-header-meta":"","adv-header-id-meta":"","stick-header-meta":"","header-above-stick-meta":"","header-main-stick-meta":"","header-below-stick-meta":"","astra-migrate-meta-layouts":"set","ast-page-background-enabled":"default","ast-page-background-meta":{"desktop":{"background-color":"","background-image":"","background-repeat":"repeat","background-position":"center center","background-size":"auto","background-attachment":"scroll","background-type":"","background-media":"","overlay-type":"","overlay-color":"","overlay-opacity":"","overlay-gradient":""},"tablet":{"background-color":"","background-image":"","background-repeat":"repeat","background-position":"center center","background-size":"auto","background-attachment":"scroll","background-type":"","background-media":"","overlay-type":"","overlay-color":"","overlay-opacity":"","overlay-gradient":""},"mobile":{"background-color":"","background-image":"","background-repeat":"repeat","background-position":"center center","background-size":"auto","background-attachment":"scroll","background-type":"","background-media":"","overlay-type":"","overlay-color":"","overlay-opacity":"","overlay-gradient":""}},"ast-content-background-meta":{"desktop":{"background-color":"var(--ast-global-color-5)","background-image":"","background-repeat":"repeat","background-position":"center center","background-size":"auto","background-attachment":"scroll","background-type":"","background-media":"","overlay-type":"","overlay-color":"","overlay-opacity":"","overlay-gradient":""},"tablet":{"background-color":"var(--ast-global-color-5)","background-image":"","background-repeat":"repeat","background-position":"center center","background-size":"auto","background-attachment":"scroll","background-type":"","background-media":"","overlay-type":"","overlay-color":"","overlay-opacity":"","overlay-gradient":""},"mobile":{"background-color":"var(--ast-global-color-5)","background-image":"","background-repeat":"repeat","background-position":"center center","background-size":"auto","background-attachment":"scroll","background-type":"","background-media":"","overlay-type":"","overlay-color":"","overlay-opacity":"","overlay-gradient":""}},"footnotes":""},"class_list":["post-1686","page","type-page","status-publish","hentry"],"uagb_featured_image_src":{"full":false,"thumbnail":false,"medium":false,"medium_large":false,"large":false,"1536x1536":false,"2048x2048":false},"uagb_author_info":{"display_name":"admin","author_link":"https:\/\/unatecnologaencasa.com\/index.php\/author\/admin\/"},"uagb_comment_info":0,"uagb_excerpt":"Esta p\u00e1gina web todav\u00eda no est\u00e1 disponible. Si necesitas contactar conmigo escr\u00edbeme a hola@unatecnologaencasa.com Gracias por pasarte por aqu\u00ed. Pronto encontrar\u00e1s lo que necesitas para tu negocio.","_links":{"self":[{"href":"https:\/\/unatecnologaencasa.com\/index.php\/wp-json\/wp\/v2\/pages\/1686","targetHints":{"allow":["GET"]}}],"collection":[{"href":"https:\/\/unatecnologaencasa.com\/index.php\/wp-json\/wp\/v2\/pages"}],"about":[{"href":"https:\/\/unatecnologaencasa.com\/index.php\/wp-json\/wp\/v2\/types\/page"}],"author":[{"embeddable":true,"href":"https:\/\/unatecnologaencasa.com\/index.php\/wp-json\/wp\/v2\/users\/1"}],"replies":[{"embeddable":true,"href":"https:\/\/unatecnologaencasa.com\/index.php\/wp-json\/wp\/v2\/comments?post=1686"}],"version-history":[{"count":3,"href":"https:\/\/unatecnologaencasa.com\/index.php\/wp-json\/wp\/v2\/pages\/1686\/revisions"}],"predecessor-version":[{"id":2138,"href":"https:\/\/unatecnologaencasa.com\/index.php\/wp-json\/wp\/v2\/pages\/1686\/revisions\/2138"}],"wp:attachment":[{"href":"https:\/\/unatecnologaencasa.com\/index.php\/wp-json\/wp\/v2\/media?parent=1686"}],"curies":[{"name":"wp","href":"https:\/\/api.w.org\/{rel}","templated":true}]}}