{"id":323,"date":"2022-04-18T12:48:24","date_gmt":"2022-04-18T12:48:24","guid":{"rendered":"https:\/\/unatecnologaencasa.com\/index.php\/courses\/"},"modified":"2025-04-20T07:29:39","modified_gmt":"2025-04-20T07:29:39","slug":"formacion","status":"publish","type":"page","link":"https:\/\/unatecnologaencasa.com\/index.php\/formacion\/","title":{"rendered":"Formaci\u00f3n"},"content":{"rendered":"\n<div class=\"wp-block-uagb-container uagb-block-5e3f9ddd alignfull uagb-is-root-container\"><div class=\"uagb-container-inner-blocks-wrap\">\n<div class=\"wp-block-uagb-container uagb-block-76599a23\">\n<div class=\"wp-block-uagb-advanced-heading uagb-block-05719fcf\"><h1 class=\"uagb-heading-text\">Formaci\u00f3n\u200b<\/h1><\/div>\n\n\n\n<div class=\"wp-block-uagb-advanced-heading uagb-block-7fc48a02\"><h3 class=\"uagb-heading-text\">Prep\u00e1rate para dominar la tecnolog\u00eda en tu d\u00eda a d\u00eda con una sencilla metodolog\u00eda.<\/h3><\/div>\n<\/div>\n<\/div><\/div>\n\n\n\n<div class=\"wp-block-uagb-container uagb-block-b787c72e alignfull uagb-is-root-container\"><div class=\"uagb-container-inner-blocks-wrap\">\n<div class=\"wp-block-uagb-container uagb-block-897f8b9a default uagb-is-root-container\">\n<div class=\"wp-block-uagb-container uagb-block-2cbb3cc0\">\n<div class=\"wp-block-uagb-advanced-heading uagb-block-2612f4f8\"><h6 class=\"uagb-heading-text\">DISPONIBLE PARA CLIENTES<\/h6><\/div>\n\n\n\n<div class=\"wp-block-uagb-advanced-heading uagb-block-f9c2f3b8\"><h4 class=\"uagb-heading-text\"><a href=\"https:\/\/unatecnologaencasa.com\/index.php\/formacion\/google-workspace\">Google WorkSpace<\/a><\/h4><p class=\"uagb-desc-text\">Snacks formativos<\/p><\/div>\n<\/div>\n\n\n\n<div class=\"wp-block-uagb-container uagb-block-1b6de933\">\n<div class=\"wp-block-uagb-advanced-heading uagb-block-122d40ea\"><h6 class=\"uagb-heading-text\">DISPONIBLE PARA CLIENTES<\/h6><\/div>\n\n\n\n<div class=\"wp-block-uagb-advanced-heading uagb-block-c0c73f12\"><h4 class=\"uagb-heading-text\"><a href=\"https:\/\/unatecnologaencasa.com\/index.php\/formacion\/ciberseguridad\">Ciberseguridad<\/a><\/h4><p class=\"uagb-desc-text\">Snacks formativos<\/p><\/div>\n<\/div>\n\n\n\n<div class=\"wp-block-uagb-container uagb-block-ef1a2809\">\n<div class=\"wp-block-uagb-advanced-heading uagb-block-0f1f7b6f\"><h6 class=\"uagb-heading-text\">DISPONIBLE PARA CLIENTES<\/h6><\/div>\n\n\n\n<div class=\"wp-block-uagb-advanced-heading uagb-block-57e6deb3\"><h4 class=\"uagb-heading-text\">Inteligencia artificial<\/h4><p class=\"uagb-desc-text\">Snacks formativos<\/p><\/div>\n<\/div>\n\n\n\n<div class=\"wp-block-uagb-container uagb-block-9e8c6c28\">\n<div class=\"wp-block-uagb-advanced-heading uagb-block-1b0d460c\"><h6 class=\"uagb-heading-text\">EN CURSO<\/h6><\/div>\n\n\n\n<div class=\"wp-block-uagb-advanced-heading uagb-block-706d194b\"><h4 class=\"uagb-heading-text\">Educaci\u00f3n digital<\/h4><p class=\"uagb-desc-text\">Sesiones<\/p><\/div>\n<\/div>\n<\/div>\n<\/div><\/div>\n\n\n\n<div class=\"wp-block-uagb-container uagb-block-5028a064 alignfull uagb-is-root-container\"><div class=\"uagb-container-inner-blocks-wrap\"><\/div><\/div>\n","protected":false},"excerpt":{"rendered":"<p>Formaci\u00f3n\u200b Prep\u00e1rate para dominar la tecnolog\u00eda en tu d\u00eda a d\u00eda con una sencilla metodolog\u00eda. DISPONIBLE PARA CLIENTES Google WorkSpace Snacks formativos DISPONIBLE PARA CLIENTES Ciberseguridad Snacks formativos DISPONIBLE PARA CLIENTES Inteligencia artificial Snacks formativos EN CURSO Educaci\u00f3n digital Sesiones<\/p>\n","protected":false},"author":1,"featured_media":0,"parent":0,"menu_order":0,"comment_status":"closed","ping_status":"closed","template":"","meta":{"_uag_custom_page_level_css":"","site-sidebar-layout":"no-sidebar","site-content-layout":"page-builder","ast-site-content-layout":"full-width-container","site-content-style":"unboxed","site-sidebar-style":"unboxed","ast-global-header-display":"","ast-banner-title-visibility":"","ast-main-header-display":"","ast-hfb-above-header-display":"","ast-hfb-below-header-display":"","ast-hfb-mobile-header-display":"","site-post-title":"disabled","ast-breadcrumbs-content":"","ast-featured-img":"disabled","footer-sml-layout":"","ast-disable-related-posts":"","theme-transparent-header-meta":"enabled","adv-header-id-meta":"","stick-header-meta":"","header-above-stick-meta":"","header-main-stick-meta":"","header-below-stick-meta":"","astra-migrate-meta-layouts":"set","ast-page-background-enabled":"default","ast-page-background-meta":{"desktop":{"background-color":"","background-image":"","background-repeat":"repeat","background-position":"center center","background-size":"auto","background-attachment":"scroll","background-type":"","background-media":"","overlay-type":"","overlay-color":"","overlay-opacity":"","overlay-gradient":""},"tablet":{"background-color":"","background-image":"","background-repeat":"repeat","background-position":"center center","background-size":"auto","background-attachment":"scroll","background-type":"","background-media":"","overlay-type":"","overlay-color":"","overlay-opacity":"","overlay-gradient":""},"mobile":{"background-color":"","background-image":"","background-repeat":"repeat","background-position":"center center","background-size":"auto","background-attachment":"scroll","background-type":"","background-media":"","overlay-type":"","overlay-color":"","overlay-opacity":"","overlay-gradient":""}},"ast-content-background-meta":{"desktop":{"background-color":"var(--ast-global-color-5)","background-image":"","background-repeat":"repeat","background-position":"center center","background-size":"auto","background-attachment":"scroll","background-type":"","background-media":"","overlay-type":"","overlay-color":"","overlay-opacity":"","overlay-gradient":""},"tablet":{"background-color":"var(--ast-global-color-5)","background-image":"","background-repeat":"repeat","background-position":"center center","background-size":"auto","background-attachment":"scroll","background-type":"","background-media":"","overlay-type":"","overlay-color":"","overlay-opacity":"","overlay-gradient":""},"mobile":{"background-color":"var(--ast-global-color-5)","background-image":"","background-repeat":"repeat","background-position":"center center","background-size":"auto","background-attachment":"scroll","background-type":"","background-media":"","overlay-type":"","overlay-color":"","overlay-opacity":"","overlay-gradient":""}},"footnotes":""},"class_list":["post-323","page","type-page","status-publish","hentry"],"uagb_featured_image_src":{"full":false,"thumbnail":false,"medium":false,"medium_large":false,"large":false,"1536x1536":false,"2048x2048":false},"uagb_author_info":{"display_name":"admin","author_link":"https:\/\/unatecnologaencasa.com\/index.php\/author\/admin\/"},"uagb_comment_info":0,"uagb_excerpt":"Formaci\u00f3n\u200b Prep\u00e1rate para dominar la tecnolog\u00eda en tu d\u00eda a d\u00eda con una sencilla metodolog\u00eda. DISPONIBLE PARA CLIENTES Google WorkSpace Snacks formativos DISPONIBLE PARA CLIENTES Ciberseguridad Snacks formativos DISPONIBLE PARA CLIENTES Inteligencia artificial Snacks formativos EN CURSO Educaci\u00f3n digital Sesiones","_links":{"self":[{"href":"https:\/\/unatecnologaencasa.com\/index.php\/wp-json\/wp\/v2\/pages\/323","targetHints":{"allow":["GET"]}}],"collection":[{"href":"https:\/\/unatecnologaencasa.com\/index.php\/wp-json\/wp\/v2\/pages"}],"about":[{"href":"https:\/\/unatecnologaencasa.com\/index.php\/wp-json\/wp\/v2\/types\/page"}],"author":[{"embeddable":true,"href":"https:\/\/unatecnologaencasa.com\/index.php\/wp-json\/wp\/v2\/users\/1"}],"replies":[{"embeddable":true,"href":"https:\/\/unatecnologaencasa.com\/index.php\/wp-json\/wp\/v2\/comments?post=323"}],"version-history":[{"count":17,"href":"https:\/\/unatecnologaencasa.com\/index.php\/wp-json\/wp\/v2\/pages\/323\/revisions"}],"predecessor-version":[{"id":2365,"href":"https:\/\/unatecnologaencasa.com\/index.php\/wp-json\/wp\/v2\/pages\/323\/revisions\/2365"}],"wp:attachment":[{"href":"https:\/\/unatecnologaencasa.com\/index.php\/wp-json\/wp\/v2\/media?parent=323"}],"curies":[{"name":"wp","href":"https:\/\/api.w.org\/{rel}","templated":true}]}}